{"id":114,"date":"2025-10-28T15:08:56","date_gmt":"2025-10-28T15:08:56","guid":{"rendered":"https:\/\/fundacion-aei.com\/?page_id=114"},"modified":"2025-10-28T15:52:17","modified_gmt":"2025-10-28T15:52:17","slug":"vision","status":"publish","type":"page","link":"https:\/\/fundacion-aei.com\/?page_id=114","title":{"rendered":"Visi\u00f3n"},"content":{"rendered":"\t\t<div data-elementor-type=\"wp-page\" data-elementor-id=\"114\" class=\"elementor elementor-114\">\n\t\t\t\t<div class=\"elementor-element elementor-element-2ceb939 e-flex e-con-boxed e-con e-parent\" data-id=\"2ceb939\" data-element_type=\"container\">\n\t\t\t\t\t<div class=\"e-con-inner\">\n\t\t\t\t<div class=\"elementor-element elementor-element-222a9dc elementor-widget elementor-widget-heading\" data-id=\"222a9dc\" data-element_type=\"widget\" data-widget_type=\"heading.default\">\n\t\t\t\t\t<h1 class=\"elementor-heading-title elementor-size-default\">Visi\u00f3n<\/h1>\t\t\t\t<\/div>\n\t\t\t\t\t<\/div>\n\t\t\t\t<\/div>\n\t\t<div class=\"elementor-element elementor-element-0bae82e e-flex e-con-boxed e-con e-parent\" data-id=\"0bae82e\" data-element_type=\"container\">\n\t\t\t\t\t<div class=\"e-con-inner\">\n\t\t\t\t<div class=\"elementor-element elementor-element-db1fbd0 elementor-widget elementor-widget-text-editor\" data-id=\"db1fbd0\" data-element_type=\"widget\" data-widget_type=\"text-editor.default\">\n\t\t\t\t\t\t\t\t\t<p data-start=\"937\" data-end=\"1388\">Para el a\u00f1o <strong data-start=\"949\" data-end=\"957\">2030<\/strong>, la <strong data-start=\"962\" data-end=\"994\">Fundaci\u00f3n Agroambiental IAJM<\/strong> ser\u00e1 reconocida como una instituci\u00f3n <strong data-start=\"1032\" data-end=\"1112\">l\u00edder en el desarrollo de proyectos educativos, ambientales e investigativos<\/strong> en Cundinamarca y Colombia.<br data-start=\"1140\" data-end=\"1143\" \/>A trav\u00e9s de la innovaci\u00f3n, la investigaci\u00f3n y el trabajo comunitario, consolidaremos una red de aprendizaje sostenible que fortalezca la conciencia ambiental, la equidad social y la calidad educativa en cada territorio donde hacemos presencia.<\/p><p data-start=\"937\" data-end=\"1388\">Nuestra visi\u00f3n es <strong data-start=\"1408\" data-end=\"1461\">sembrar conocimiento para cosechar sostenibilidad<\/strong>, formando generaciones capaces de construir un mundo m\u00e1s justo, solidario y en armon\u00eda con la naturaleza.<\/p>\t\t\t\t\t\t\t\t<\/div>\n\t\t\t\t\t<\/div>\n\t\t\t\t<\/div>\n\t\t<div class=\"elementor-element elementor-element-7c3badb e-flex e-con-boxed e-con e-parent\" data-id=\"7c3badb\" data-element_type=\"container\">\n\t\t\t\t\t<div class=\"e-con-inner\">\n\t\t\t\t<div class=\"elementor-element elementor-element-3925eaf elementor-widget elementor-widget-heading\" data-id=\"3925eaf\" data-element_type=\"widget\" data-widget_type=\"heading.default\">\n\t\t\t\t\t<h2 class=\"elementor-heading-title elementor-size-default\">Proyectamos un futuro sostenible donde la educaci\u00f3n transforme comunidades y preserve la vida.<\/h2>\t\t\t\t<\/div>\n\t\t\t\t<div class=\"elementor-element elementor-element-17e8f25 elementor-widget elementor-widget-text-editor\" data-id=\"17e8f25\" data-element_type=\"widget\" data-widget_type=\"text-editor.default\">\n\t\t\t\t\t\t\t\t\t<p>La Fundaci\u00f3n Agroambiental IAJM orienta su labor hacia la consolidaci\u00f3n de una sociedad consciente, equitativa y comprometida con el desarrollo sostenible. Visualizamos un futuro en el que la educaci\u00f3n, la investigaci\u00f3n y la acci\u00f3n comunitaria se articulen para generar soluciones que fortalezcan el bienestar social, la protecci\u00f3n del medio ambiente y la construcci\u00f3n de territorios resilientes.<\/p>\t\t\t\t\t\t\t\t<\/div>\n\t\t\t\t<div class=\"elementor-element elementor-element-da98560 elementor-widget elementor-widget-heading\" data-id=\"da98560\" data-element_type=\"widget\" data-widget_type=\"heading.default\">\n\t\t\t\t\t<h2 class=\"elementor-heading-title elementor-size-default\">Una mirada hacia el futuro:<\/h2>\t\t\t\t<\/div>\n\t\t\t\t\t<\/div>\n\t\t\t\t<\/div>\n\t\t<div class=\"elementor-element elementor-element-98c9dc3 e-flex e-con-boxed e-con e-parent\" data-id=\"98c9dc3\" data-element_type=\"container\">\n\t\t\t\t\t<div class=\"e-con-inner\">\n\t\t<div class=\"elementor-element elementor-element-c58af8f e-con-full e-flex e-con e-child\" data-id=\"c58af8f\" data-element_type=\"container\">\n\t\t\t\t<div class=\"elementor-element elementor-element-59fd586 elementor-widget elementor-widget-image\" data-id=\"59fd586\" data-element_type=\"widget\" data-widget_type=\"image.default\">\n\t\t\t\t\t\t\t\t\t\t\t\t\t\t\t<img fetchpriority=\"high\" decoding=\"async\" width=\"1024\" height=\"576\" src=\"https:\/\/fundacion-aei.com\/wp-content\/uploads\/2025\/10\/Diseno-sin-titulo-4-1-1024x576.png\" class=\"attachment-large size-large wp-image-123\" alt=\"\" srcset=\"https:\/\/fundacion-aei.com\/wp-content\/uploads\/2025\/10\/Diseno-sin-titulo-4-1-1024x576.png 1024w, https:\/\/fundacion-aei.com\/wp-content\/uploads\/2025\/10\/Diseno-sin-titulo-4-1-300x169.png 300w, https:\/\/fundacion-aei.com\/wp-content\/uploads\/2025\/10\/Diseno-sin-titulo-4-1-768x432.png 768w, https:\/\/fundacion-aei.com\/wp-content\/uploads\/2025\/10\/Diseno-sin-titulo-4-1-1536x864.png 1536w, https:\/\/fundacion-aei.com\/wp-content\/uploads\/2025\/10\/Diseno-sin-titulo-4-1.png 1920w\" sizes=\"(max-width: 1024px) 100vw, 1024px\" \/>\t\t\t\t\t\t\t\t\t\t\t\t\t\t\t<\/div>\n\t\t\t\t<div class=\"elementor-element elementor-element-e79d378 elementor-widget elementor-widget-heading\" data-id=\"e79d378\" data-element_type=\"widget\" data-widget_type=\"heading.default\">\n\t\t\t\t\t<h5 class=\"elementor-heading-title elementor-size-default\">Ser referente en educaci\u00f3n ambiental e investigaci\u00f3n aplicada.<\/h5>\t\t\t\t<\/div>\n\t\t\t\t<\/div>\n\t\t<div class=\"elementor-element elementor-element-dcf1150 e-con-full e-flex e-con e-child\" data-id=\"dcf1150\" data-element_type=\"container\">\n\t\t\t\t<div class=\"elementor-element elementor-element-3d0002a elementor-widget elementor-widget-image\" data-id=\"3d0002a\" data-element_type=\"widget\" data-widget_type=\"image.default\">\n\t\t\t\t\t\t\t\t\t\t\t\t\t\t\t<img decoding=\"async\" width=\"1024\" height=\"576\" src=\"https:\/\/fundacion-aei.com\/wp-content\/uploads\/2025\/10\/Diseno-sin-titulo-5-1-1024x576.png\" class=\"attachment-large size-large wp-image-131\" alt=\"\" srcset=\"https:\/\/fundacion-aei.com\/wp-content\/uploads\/2025\/10\/Diseno-sin-titulo-5-1-1024x576.png 1024w, https:\/\/fundacion-aei.com\/wp-content\/uploads\/2025\/10\/Diseno-sin-titulo-5-1-300x169.png 300w, https:\/\/fundacion-aei.com\/wp-content\/uploads\/2025\/10\/Diseno-sin-titulo-5-1-768x432.png 768w, https:\/\/fundacion-aei.com\/wp-content\/uploads\/2025\/10\/Diseno-sin-titulo-5-1-1536x864.png 1536w, https:\/\/fundacion-aei.com\/wp-content\/uploads\/2025\/10\/Diseno-sin-titulo-5-1.png 1920w\" sizes=\"(max-width: 1024px) 100vw, 1024px\" \/>\t\t\t\t\t\t\t\t\t\t\t\t\t\t\t<\/div>\n\t\t\t\t<div class=\"elementor-element elementor-element-ef08b07 elementor-widget elementor-widget-heading\" data-id=\"ef08b07\" data-element_type=\"widget\" data-widget_type=\"heading.default\">\n\t\t\t\t\t<h5 class=\"elementor-heading-title elementor-size-default\">Consolidar una Red de Escuelas y Comunidades Sostenibles.<\/h5>\t\t\t\t<\/div>\n\t\t\t\t<\/div>\n\t\t<div class=\"elementor-element elementor-element-efb1cfe e-con-full e-flex e-con e-child\" data-id=\"efb1cfe\" data-element_type=\"container\">\n\t\t\t\t<div class=\"elementor-element elementor-element-6dfe439 elementor-widget elementor-widget-image\" data-id=\"6dfe439\" data-element_type=\"widget\" data-widget_type=\"image.default\">\n\t\t\t\t\t\t\t\t\t\t\t\t\t\t\t<img decoding=\"async\" width=\"1024\" height=\"576\" src=\"https:\/\/fundacion-aei.com\/wp-content\/uploads\/2025\/10\/Diseno-sin-titulo-6-1-1024x576.png\" class=\"attachment-large size-large wp-image-132\" alt=\"\" srcset=\"https:\/\/fundacion-aei.com\/wp-content\/uploads\/2025\/10\/Diseno-sin-titulo-6-1-1024x576.png 1024w, https:\/\/fundacion-aei.com\/wp-content\/uploads\/2025\/10\/Diseno-sin-titulo-6-1-300x169.png 300w, https:\/\/fundacion-aei.com\/wp-content\/uploads\/2025\/10\/Diseno-sin-titulo-6-1-768x432.png 768w, https:\/\/fundacion-aei.com\/wp-content\/uploads\/2025\/10\/Diseno-sin-titulo-6-1-1536x864.png 1536w, https:\/\/fundacion-aei.com\/wp-content\/uploads\/2025\/10\/Diseno-sin-titulo-6-1.png 1920w\" sizes=\"(max-width: 1024px) 100vw, 1024px\" \/>\t\t\t\t\t\t\t\t\t\t\t\t\t\t\t<\/div>\n\t\t\t\t<div class=\"elementor-element elementor-element-036058d elementor-widget elementor-widget-heading\" data-id=\"036058d\" data-element_type=\"widget\" data-widget_type=\"heading.default\">\n\t\t\t\t\t<h5 class=\"elementor-heading-title elementor-size-default\">Fortalecer alianzas institucionales para mayor impacto social.<\/h5>\t\t\t\t<\/div>\n\t\t\t\t<\/div>\n\t\t<div class=\"elementor-element elementor-element-3c00d61 e-con-full e-flex e-con e-child\" data-id=\"3c00d61\" data-element_type=\"container\">\n\t\t\t\t<div class=\"elementor-element elementor-element-e020deb elementor-widget elementor-widget-image\" data-id=\"e020deb\" data-element_type=\"widget\" data-widget_type=\"image.default\">\n\t\t\t\t\t\t\t\t\t\t\t\t\t\t\t<img loading=\"lazy\" decoding=\"async\" width=\"1024\" height=\"576\" src=\"https:\/\/fundacion-aei.com\/wp-content\/uploads\/2025\/10\/Diseno-sin-titulo-7-1024x576.png\" class=\"attachment-large size-large wp-image-136\" alt=\"\" srcset=\"https:\/\/fundacion-aei.com\/wp-content\/uploads\/2025\/10\/Diseno-sin-titulo-7-1024x576.png 1024w, https:\/\/fundacion-aei.com\/wp-content\/uploads\/2025\/10\/Diseno-sin-titulo-7-300x169.png 300w, https:\/\/fundacion-aei.com\/wp-content\/uploads\/2025\/10\/Diseno-sin-titulo-7-768x432.png 768w, https:\/\/fundacion-aei.com\/wp-content\/uploads\/2025\/10\/Diseno-sin-titulo-7-1536x864.png 1536w, https:\/\/fundacion-aei.com\/wp-content\/uploads\/2025\/10\/Diseno-sin-titulo-7.png 1920w\" sizes=\"(max-width: 1024px) 100vw, 1024px\" \/>\t\t\t\t\t\t\t\t\t\t\t\t\t\t\t<\/div>\n\t\t\t\t<div class=\"elementor-element elementor-element-8322e88 elementor-widget elementor-widget-heading\" data-id=\"8322e88\" data-element_type=\"widget\" data-widget_type=\"heading.default\">\n\t\t\t\t\t<h5 class=\"elementor-heading-title elementor-size-default\">Garantizar educaci\u00f3n y bienestar integral en la primera infancia.<\/h5>\t\t\t\t<\/div>\n\t\t\t\t<\/div>\n\t\t<div class=\"elementor-element elementor-element-cb04983 e-con-full e-flex e-con e-child\" data-id=\"cb04983\" data-element_type=\"container\">\n\t\t\t\t<div class=\"elementor-element elementor-element-1e04295 elementor-widget elementor-widget-image\" data-id=\"1e04295\" data-element_type=\"widget\" data-widget_type=\"image.default\">\n\t\t\t\t\t\t\t\t\t\t\t\t\t\t\t<img loading=\"lazy\" decoding=\"async\" width=\"1024\" height=\"576\" src=\"https:\/\/fundacion-aei.com\/wp-content\/uploads\/2025\/10\/Diseno-sin-titulo-1024x576.jpg\" class=\"attachment-large size-large wp-image-138\" alt=\"\" srcset=\"https:\/\/fundacion-aei.com\/wp-content\/uploads\/2025\/10\/Diseno-sin-titulo-1024x576.jpg 1024w, https:\/\/fundacion-aei.com\/wp-content\/uploads\/2025\/10\/Diseno-sin-titulo-300x169.jpg 300w, https:\/\/fundacion-aei.com\/wp-content\/uploads\/2025\/10\/Diseno-sin-titulo-768x432.jpg 768w, https:\/\/fundacion-aei.com\/wp-content\/uploads\/2025\/10\/Diseno-sin-titulo-1536x864.jpg 1536w, https:\/\/fundacion-aei.com\/wp-content\/uploads\/2025\/10\/Diseno-sin-titulo.jpg 1920w\" sizes=\"(max-width: 1024px) 100vw, 1024px\" \/>\t\t\t\t\t\t\t\t\t\t\t\t\t\t\t<\/div>\n\t\t\t\t<div class=\"elementor-element elementor-element-49c3067 elementor-widget elementor-widget-heading\" data-id=\"49c3067\" data-element_type=\"widget\" data-widget_type=\"heading.default\">\n\t\t\t\t\t<h5 class=\"elementor-heading-title elementor-size-default\">Posicionar el grupo de investigaci\u00f3n HIFA como modelo nacional.<\/h5>\t\t\t\t<\/div>\n\t\t\t\t<\/div>\n\t\t<div class=\"elementor-element elementor-element-e295fc2 e-con-full e-flex e-con e-child\" data-id=\"e295fc2\" data-element_type=\"container\">\n\t\t\t\t<div class=\"elementor-element elementor-element-af9dd4c elementor-widget elementor-widget-image\" data-id=\"af9dd4c\" data-element_type=\"widget\" data-widget_type=\"image.default\">\n\t\t\t\t\t\t\t\t\t\t\t\t\t\t\t<img loading=\"lazy\" decoding=\"async\" width=\"1024\" height=\"576\" src=\"https:\/\/fundacion-aei.com\/wp-content\/uploads\/2025\/10\/Diseno-sin-titulo-8-1-1024x576.png\" class=\"attachment-large size-large wp-image-139\" alt=\"\" srcset=\"https:\/\/fundacion-aei.com\/wp-content\/uploads\/2025\/10\/Diseno-sin-titulo-8-1-1024x576.png 1024w, https:\/\/fundacion-aei.com\/wp-content\/uploads\/2025\/10\/Diseno-sin-titulo-8-1-300x169.png 300w, https:\/\/fundacion-aei.com\/wp-content\/uploads\/2025\/10\/Diseno-sin-titulo-8-1-768x432.png 768w, https:\/\/fundacion-aei.com\/wp-content\/uploads\/2025\/10\/Diseno-sin-titulo-8-1-1536x864.png 1536w, https:\/\/fundacion-aei.com\/wp-content\/uploads\/2025\/10\/Diseno-sin-titulo-8-1.png 1920w\" sizes=\"(max-width: 1024px) 100vw, 1024px\" \/>\t\t\t\t\t\t\t\t\t\t\t\t\t\t\t<\/div>\n\t\t\t\t<div class=\"elementor-element elementor-element-eca4530 elementor-widget elementor-widget-heading\" data-id=\"eca4530\" data-element_type=\"widget\" data-widget_type=\"heading.default\">\n\t\t\t\t\t<h5 class=\"elementor-heading-title elementor-size-default\">Innovar en tecnolog\u00edas y metodolog\u00edas sostenibles.<\/h5>\t\t\t\t<\/div>\n\t\t\t\t<\/div>\n\t\t\t\t\t<\/div>\n\t\t\t\t<\/div>\n\t\t\t\t<\/div>\n\t\t","protected":false},"excerpt":{"rendered":"<p>Visi\u00f3n Para el a\u00f1o 2030, la Fundaci\u00f3n Agroambiental IAJM ser\u00e1 reconocida como una instituci\u00f3n l\u00edder [&hellip;]<\/p>\n","protected":false},"author":1,"featured_media":0,"parent":0,"menu_order":0,"comment_status":"closed","ping_status":"closed","template":"","meta":{"_monsterinsights_skip_tracking":false,"_monsterinsights_sitenote_active":false,"_monsterinsights_sitenote_note":"","_monsterinsights_sitenote_category":0,"footnotes":""},"class_list":["post-114","page","type-page","status-publish","hentry"],"_links":{"self":[{"href":"https:\/\/fundacion-aei.com\/index.php?rest_route=\/wp\/v2\/pages\/114","targetHints":{"allow":["GET"]}}],"collection":[{"href":"https:\/\/fundacion-aei.com\/index.php?rest_route=\/wp\/v2\/pages"}],"about":[{"href":"https:\/\/fundacion-aei.com\/index.php?rest_route=\/wp\/v2\/types\/page"}],"author":[{"embeddable":true,"href":"https:\/\/fundacion-aei.com\/index.php?rest_route=\/wp\/v2\/users\/1"}],"replies":[{"embeddable":true,"href":"https:\/\/fundacion-aei.com\/index.php?rest_route=%2Fwp%2Fv2%2Fcomments&post=114"}],"version-history":[{"count":17,"href":"https:\/\/fundacion-aei.com\/index.php?rest_route=\/wp\/v2\/pages\/114\/revisions"}],"predecessor-version":[{"id":142,"href":"https:\/\/fundacion-aei.com\/index.php?rest_route=\/wp\/v2\/pages\/114\/revisions\/142"}],"wp:attachment":[{"href":"https:\/\/fundacion-aei.com\/index.php?rest_route=%2Fwp%2Fv2%2Fmedia&parent=114"}],"curies":[{"name":"wp","href":"https:\/\/api.w.org\/{rel}","templated":true}]}}