{"id":147,"date":"2025-10-28T20:52:18","date_gmt":"2025-10-28T20:52:18","guid":{"rendered":"https:\/\/fundacion-aei.com\/?page_id=147"},"modified":"2025-10-29T23:17:02","modified_gmt":"2025-10-29T23:17:02","slug":"reconocimientos","status":"publish","type":"page","link":"https:\/\/fundacion-aei.com\/?page_id=147","title":{"rendered":"Reconocimientos"},"content":{"rendered":"\t\t<div data-elementor-type=\"wp-page\" data-elementor-id=\"147\" class=\"elementor elementor-147\">\n\t\t\t\t<div class=\"elementor-element elementor-element-22f91de e-flex e-con-boxed e-con e-parent\" data-id=\"22f91de\" data-element_type=\"container\">\n\t\t\t\t\t<div class=\"e-con-inner\">\n\t\t\t\t<div class=\"elementor-element elementor-element-2949e77 elementor-widget elementor-widget-heading\" data-id=\"2949e77\" data-element_type=\"widget\" data-widget_type=\"heading.default\">\n\t\t\t\t\t<h2 class=\"elementor-heading-title elementor-size-default\">GALARDONES Y RECONOCIMIENTOS<\/h2>\t\t\t\t<\/div>\n\t\t\t\t<div class=\"elementor-element elementor-element-052c6e9 elementor-widget elementor-widget-text-editor\" data-id=\"052c6e9\" data-element_type=\"widget\" data-widget_type=\"text-editor.default\">\n\t\t\t\t\t\t\t\t\t<p data-start=\"518\" data-end=\"792\">A lo largo de m\u00e1s de tres d\u00e9cadas de trabajo, la <strong data-start=\"567\" data-end=\"616\">Fundaci\u00f3n de Investigaci\u00f3n Agroambiental IAJM<\/strong> ha recibido m\u00faltiples reconocimientos nacionales e institucionales que reflejan su compromiso con la educaci\u00f3n ambiental, la investigaci\u00f3n cient\u00edfica y el desarrollo social.<\/p><p data-start=\"518\" data-end=\"792\">Cada galard\u00f3n representa el esfuerzo de nuestros estudiantes, docentes y comunidades, y reafirma nuestra misi\u00f3n de educar para transformar el entorno y cuidar el planeta.<\/p>\t\t\t\t\t\t\t\t<\/div>\n\t\t\t\t<div class=\"elementor-element elementor-element-401fe49 elementor-widget elementor-widget-image\" data-id=\"401fe49\" data-element_type=\"widget\" data-widget_type=\"image.default\">\n\t\t\t\t\t\t\t\t\t\t\t\t\t\t\t<img fetchpriority=\"high\" decoding=\"async\" width=\"1920\" height=\"1080\" src=\"https:\/\/fundacion-aei.com\/wp-content\/uploads\/2025\/10\/Galardones-y-reconocimientos.jpg\" class=\"attachment-full size-full wp-image-165\" alt=\"\" srcset=\"https:\/\/fundacion-aei.com\/wp-content\/uploads\/2025\/10\/Galardones-y-reconocimientos.jpg 1920w, https:\/\/fundacion-aei.com\/wp-content\/uploads\/2025\/10\/Galardones-y-reconocimientos-300x169.jpg 300w, https:\/\/fundacion-aei.com\/wp-content\/uploads\/2025\/10\/Galardones-y-reconocimientos-1024x576.jpg 1024w, https:\/\/fundacion-aei.com\/wp-content\/uploads\/2025\/10\/Galardones-y-reconocimientos-768x432.jpg 768w, https:\/\/fundacion-aei.com\/wp-content\/uploads\/2025\/10\/Galardones-y-reconocimientos-1536x864.jpg 1536w\" sizes=\"(max-width: 1920px) 100vw, 1920px\" \/>\t\t\t\t\t\t\t\t\t\t\t\t\t\t\t<\/div>\n\t\t\t\t<div class=\"elementor-element elementor-element-8ce100e elementor-widget elementor-widget-heading\" data-id=\"8ce100e\" data-element_type=\"widget\" data-widget_type=\"heading.default\">\n\t\t\t\t\t<h2 class=\"elementor-heading-title elementor-size-default\">\u201cEstos galardones no son solo un reconocimiento al pasado, sino un impulso para seguir construyendo educaci\u00f3n, conciencia y futuro.\u201d<\/h2>\t\t\t\t<\/div>\n\t\t\t\t\t<\/div>\n\t\t\t\t<\/div>\n\t\t<div class=\"elementor-element elementor-element-dfb9702 e-flex e-con-boxed e-con e-parent\" data-id=\"dfb9702\" data-element_type=\"container\">\n\t\t\t\t\t<div class=\"e-con-inner\">\n\t\t\t\t<div class=\"elementor-element elementor-element-1d2c9b1 elementor-arrows-position-inside elementor-pagination-position-outside elementor-widget elementor-widget-image-carousel\" data-id=\"1d2c9b1\" data-element_type=\"widget\" data-settings=\"{&quot;slides_to_show&quot;:&quot;1&quot;,&quot;navigation&quot;:&quot;both&quot;,&quot;autoplay&quot;:&quot;yes&quot;,&quot;pause_on_hover&quot;:&quot;yes&quot;,&quot;pause_on_interaction&quot;:&quot;yes&quot;,&quot;autoplay_speed&quot;:5000,&quot;infinite&quot;:&quot;yes&quot;,&quot;effect&quot;:&quot;slide&quot;,&quot;speed&quot;:500}\" data-widget_type=\"image-carousel.default\">\n\t\t\t\t\t\t\t<div class=\"elementor-image-carousel-wrapper swiper\" role=\"region\" aria-roledescription=\"carousel\" aria-label=\"Carrusel de im\u00e1genes\" dir=\"ltr\">\n\t\t\t<div class=\"elementor-image-carousel swiper-wrapper swiper-image-stretch\" aria-live=\"off\">\n\t\t\t\t\t\t\t\t<div class=\"swiper-slide\" role=\"group\" aria-roledescription=\"slide\" aria-label=\"1 de 5\"><figure class=\"swiper-slide-inner\"><img decoding=\"async\" class=\"swiper-slide-image\" src=\"https:\/\/fundacion-aei.com\/wp-content\/uploads\/2025\/10\/Premio-Mariano-Ospina-.png\" alt=\"Premio Mariano Ospina\" \/><figcaption class=\"elementor-image-carousel-caption\">Premio Mariano Ospina<\/figcaption><\/figure><\/div><div class=\"swiper-slide\" role=\"group\" aria-roledescription=\"slide\" aria-label=\"2 de 5\"><figure class=\"swiper-slide-inner\"><img decoding=\"async\" class=\"swiper-slide-image\" src=\"https:\/\/fundacion-aei.com\/wp-content\/uploads\/2025\/10\/Premio-Mariano-Ospina-1.png\" alt=\"Premio Mariano Ospina\" \/><figcaption class=\"elementor-image-carousel-caption\">Premio Mariano Ospina 1<\/figcaption><\/figure><\/div><div class=\"swiper-slide\" role=\"group\" aria-roledescription=\"slide\" aria-label=\"3 de 5\"><figure class=\"swiper-slide-inner\"><img decoding=\"async\" class=\"swiper-slide-image\" src=\"https:\/\/fundacion-aei.com\/wp-content\/uploads\/2025\/10\/Reconocimiento-a-Dios-Varon-25-anos-experiencia-educativa.png\" alt=\"Reconocimiento: &quot;Dios Varon&quot;.\" \/><figcaption class=\"elementor-image-carousel-caption\">Reconocimiento a Dios Varon 25 a\u00f1os experiencia educativa<\/figcaption><\/figure><\/div><div class=\"swiper-slide\" role=\"group\" aria-roledescription=\"slide\" aria-label=\"4 de 5\"><figure class=\"swiper-slide-inner\"><img decoding=\"async\" class=\"swiper-slide-image\" src=\"https:\/\/fundacion-aei.com\/wp-content\/uploads\/2025\/10\/Reconocimiento-HIFA.png\" alt=\"Grupo de Investigaci\u00f3n\" \/><figcaption class=\"elementor-image-carousel-caption\">Reconocimiento HIFA<\/figcaption><\/figure><\/div><div class=\"swiper-slide\" role=\"group\" aria-roledescription=\"slide\" aria-label=\"5 de 5\"><figure class=\"swiper-slide-inner\"><img decoding=\"async\" class=\"swiper-slide-image\" src=\"https:\/\/fundacion-aei.com\/wp-content\/uploads\/2025\/10\/SOS-Reconocimiento-.png\" alt=\"Reconocimiento ICBF\" \/><figcaption class=\"elementor-image-carousel-caption\">SOS Reconocimiento<\/figcaption><\/figure><\/div>\t\t\t<\/div>\n\t\t\t\t\t\t\t\t\t\t\t\t<div class=\"elementor-swiper-button elementor-swiper-button-prev\" role=\"button\" tabindex=\"0\">\n\t\t\t\t\t\t<svg aria-hidden=\"true\" class=\"e-font-icon-svg e-eicon-chevron-left\" viewBox=\"0 0 1000 1000\" xmlns=\"http:\/\/www.w3.org\/2000\/svg\"><path d=\"M646 125C629 125 613 133 604 142L308 442C296 454 292 471 292 487 292 504 296 521 308 533L604 854C617 867 629 875 646 875 663 875 679 871 692 858 704 846 713 829 713 812 713 796 708 779 692 767L438 487 692 225C700 217 708 204 708 187 708 171 704 154 692 142 675 129 663 125 646 125Z\"><\/path><\/svg>\t\t\t\t\t<\/div>\n\t\t\t\t\t<div class=\"elementor-swiper-button elementor-swiper-button-next\" role=\"button\" tabindex=\"0\">\n\t\t\t\t\t\t<svg aria-hidden=\"true\" class=\"e-font-icon-svg e-eicon-chevron-right\" viewBox=\"0 0 1000 1000\" xmlns=\"http:\/\/www.w3.org\/2000\/svg\"><path d=\"M696 533C708 521 713 504 713 487 713 471 708 454 696 446L400 146C388 133 375 125 354 125 338 125 325 129 313 142 300 154 292 171 292 187 292 204 296 221 308 233L563 492 304 771C292 783 288 800 288 817 288 833 296 850 308 863 321 871 338 875 354 875 371 875 388 867 400 854L696 533Z\"><\/path><\/svg>\t\t\t\t\t<\/div>\n\t\t\t\t\n\t\t\t\t\t\t\t\t\t<div class=\"swiper-pagination\"><\/div>\n\t\t\t\t\t\t\t\t\t<\/div>\n\t\t\t\t\t\t<\/div>\n\t\t\t\t\t<\/div>\n\t\t\t\t<\/div>\n\t\t\t\t<\/div>\n\t\t","protected":false},"excerpt":{"rendered":"<p>GALARDONES Y RECONOCIMIENTOS A lo largo de m\u00e1s de tres d\u00e9cadas de trabajo, la Fundaci\u00f3n [&hellip;]<\/p>\n","protected":false},"author":1,"featured_media":0,"parent":0,"menu_order":0,"comment_status":"closed","ping_status":"closed","template":"","meta":{"_monsterinsights_skip_tracking":false,"_monsterinsights_sitenote_active":false,"_monsterinsights_sitenote_note":"","_monsterinsights_sitenote_category":0,"footnotes":""},"class_list":["post-147","page","type-page","status-publish","hentry"],"_links":{"self":[{"href":"https:\/\/fundacion-aei.com\/index.php?rest_route=\/wp\/v2\/pages\/147","targetHints":{"allow":["GET"]}}],"collection":[{"href":"https:\/\/fundacion-aei.com\/index.php?rest_route=\/wp\/v2\/pages"}],"about":[{"href":"https:\/\/fundacion-aei.com\/index.php?rest_route=\/wp\/v2\/types\/page"}],"author":[{"embeddable":true,"href":"https:\/\/fundacion-aei.com\/index.php?rest_route=\/wp\/v2\/users\/1"}],"replies":[{"embeddable":true,"href":"https:\/\/fundacion-aei.com\/index.php?rest_route=%2Fwp%2Fv2%2Fcomments&post=147"}],"version-history":[{"count":17,"href":"https:\/\/fundacion-aei.com\/index.php?rest_route=\/wp\/v2\/pages\/147\/revisions"}],"predecessor-version":[{"id":176,"href":"https:\/\/fundacion-aei.com\/index.php?rest_route=\/wp\/v2\/pages\/147\/revisions\/176"}],"wp:attachment":[{"href":"https:\/\/fundacion-aei.com\/index.php?rest_route=%2Fwp%2Fv2%2Fmedia&parent=147"}],"curies":[{"name":"wp","href":"https:\/\/api.w.org\/{rel}","templated":true}]}}