{"id":186,"date":"2025-10-30T16:07:43","date_gmt":"2025-10-30T16:07:43","guid":{"rendered":"https:\/\/fundacion-aei.com\/?page_id=186"},"modified":"2025-11-06T14:58:54","modified_gmt":"2025-11-06T14:58:54","slug":"linea-2","status":"publish","type":"page","link":"https:\/\/fundacion-aei.com\/?page_id=186","title":{"rendered":"Linea 2"},"content":{"rendered":"\t\t<div data-elementor-type=\"wp-page\" data-elementor-id=\"186\" class=\"elementor elementor-186\">\n\t\t\t\t<div class=\"elementor-element elementor-element-8d656ff e-con-full e-flex e-con e-parent\" data-id=\"8d656ff\" data-element_type=\"container\">\n\t\t\t\t<div class=\"elementor-element elementor-element-1466937 elementor-widget elementor-widget-image\" data-id=\"1466937\" data-element_type=\"widget\" data-widget_type=\"image.default\">\n\t\t\t\t\t\t\t\t\t\t\t\t\t\t\t<img fetchpriority=\"high\" decoding=\"async\" width=\"1920\" height=\"1080\" src=\"https:\/\/fundacion-aei.com\/wp-content\/uploads\/2025\/10\/Diseno-sin-titulo-10-1.png\" class=\"attachment-full size-full wp-image-151\" alt=\"\" srcset=\"https:\/\/fundacion-aei.com\/wp-content\/uploads\/2025\/10\/Diseno-sin-titulo-10-1.png 1920w, https:\/\/fundacion-aei.com\/wp-content\/uploads\/2025\/10\/Diseno-sin-titulo-10-1-300x169.png 300w, https:\/\/fundacion-aei.com\/wp-content\/uploads\/2025\/10\/Diseno-sin-titulo-10-1-1024x576.png 1024w, https:\/\/fundacion-aei.com\/wp-content\/uploads\/2025\/10\/Diseno-sin-titulo-10-1-768x432.png 768w, https:\/\/fundacion-aei.com\/wp-content\/uploads\/2025\/10\/Diseno-sin-titulo-10-1-1536x864.png 1536w\" sizes=\"(max-width: 1920px) 100vw, 1920px\" \/>\t\t\t\t\t\t\t\t\t\t\t\t\t\t\t<\/div>\n\t\t\t\t<\/div>\n\t\t<div class=\"elementor-element elementor-element-e7bb9a1 e-flex e-con-boxed e-con e-parent\" data-id=\"e7bb9a1\" data-element_type=\"container\">\n\t\t\t\t\t<div class=\"e-con-inner\">\n\t\t\t\t<div class=\"elementor-element elementor-element-b5d0f96 elementor-widget elementor-widget-heading\" data-id=\"b5d0f96\" data-element_type=\"widget\" data-widget_type=\"heading.default\">\n\t\t\t\t\t<h2 class=\"elementor-heading-title elementor-size-default\"><p style=\"text-align:justify\"><span><span style=\",sans-serif\"><b>LINEA 2: Gesti\u00f3n e Investigaci\u00f3n<\/b><\/span><\/span><\/p><\/h2>\t\t\t\t<\/div>\n\t\t\t\t<div class=\"elementor-element elementor-element-96a378f elementor-widget elementor-widget-image\" data-id=\"96a378f\" data-element_type=\"widget\" data-widget_type=\"image.default\">\n\t\t\t\t\t\t\t\t\t\t\t\t\t\t\t<img decoding=\"async\" width=\"300\" height=\"300\" src=\"https:\/\/fundacion-aei.com\/wp-content\/uploads\/2025\/10\/gestion1-300x300.png\" class=\"attachment-medium size-medium wp-image-182\" alt=\"\" srcset=\"https:\/\/fundacion-aei.com\/wp-content\/uploads\/2025\/10\/gestion1-300x300.png 300w, https:\/\/fundacion-aei.com\/wp-content\/uploads\/2025\/10\/gestion1-150x150.png 150w, https:\/\/fundacion-aei.com\/wp-content\/uploads\/2025\/10\/gestion1-768x768.png 768w, https:\/\/fundacion-aei.com\/wp-content\/uploads\/2025\/10\/gestion1.png 1024w\" sizes=\"(max-width: 300px) 100vw, 300px\" \/>\t\t\t\t\t\t\t\t\t\t\t\t\t\t\t<\/div>\n\t\t\t\t\t<\/div>\n\t\t\t\t<\/div>\n\t\t<div class=\"elementor-element elementor-element-f72669f e-flex e-con-boxed e-con e-parent\" data-id=\"f72669f\" data-element_type=\"container\">\n\t\t\t\t\t<div class=\"e-con-inner\">\n\t\t\t\t<div class=\"elementor-element elementor-element-d2ad5f5 elementor-widget elementor-widget-text-editor\" data-id=\"d2ad5f5\" data-element_type=\"widget\" data-widget_type=\"text-editor.default\">\n\t\t\t\t\t\t\t\t\t<p class=\"MsoNormal\" style=\"text-align: justify;\"><span class=\"agcmg\"><span style=\"font-family: 'Tahoma',sans-serif;\">Desde el preescolar nuestros estudiantes desarrollan la carrera de investigaci\u00f3n, la cual da inicio a que los ni\u00f1os descubran ese amor por la investigaci\u00f3n a trav\u00e9s de interrogar la naturaleza, experimentos que asombran su creatividad y sus inquietudes, todo esto con actividades y gu\u00edas de apoyo al descubrimiento e invenci\u00f3n.\u00a0<\/span><\/span><\/p>\t\t\t\t\t\t\t\t<\/div>\n\t\t\t\t\t<\/div>\n\t\t\t\t<\/div>\n\t\t<div class=\"elementor-element elementor-element-5f96dc0 e-flex e-con-boxed e-con e-parent\" data-id=\"5f96dc0\" data-element_type=\"container\">\n\t\t\t\t\t<div class=\"e-con-inner\">\n\t\t\t\t<div class=\"elementor-element elementor-element-4f601a4 elementor-widget__width-initial elementor-widget elementor-widget-image\" data-id=\"4f601a4\" data-element_type=\"widget\" data-widget_type=\"image.default\">\n\t\t\t\t\t\t\t\t\t\t\t\t\t\t\t<img decoding=\"async\" width=\"300\" height=\"300\" src=\"https:\/\/fundacion-aei.com\/wp-content\/uploads\/2025\/10\/Minimalist-Educational-Logo-with-Nature-Elements-2-300x300.png\" class=\"attachment-medium size-medium wp-image-201\" alt=\"\" srcset=\"https:\/\/fundacion-aei.com\/wp-content\/uploads\/2025\/10\/Minimalist-Educational-Logo-with-Nature-Elements-2-300x300.png 300w, https:\/\/fundacion-aei.com\/wp-content\/uploads\/2025\/10\/Minimalist-Educational-Logo-with-Nature-Elements-2-150x150.png 150w, https:\/\/fundacion-aei.com\/wp-content\/uploads\/2025\/10\/Minimalist-Educational-Logo-with-Nature-Elements-2.png 591w\" sizes=\"(max-width: 300px) 100vw, 300px\" \/>\t\t\t\t\t\t\t\t\t\t\t\t\t\t\t<\/div>\n\t\t\t\t\t<\/div>\n\t\t\t\t<\/div>\n\t\t<div class=\"elementor-element elementor-element-363378c e-flex e-con-boxed e-con e-parent\" data-id=\"363378c\" data-element_type=\"container\">\n\t\t\t\t\t<div class=\"e-con-inner\">\n\t\t\t\t<div class=\"elementor-element elementor-element-c41d764 elementor-widget elementor-widget-text-editor\" data-id=\"c41d764\" data-element_type=\"widget\" data-widget_type=\"text-editor.default\">\n\t\t\t\t\t\t\t\t\t<p>Con un \u00e9nfasis agroambiental e investigativo, los j\u00f3venes de grado noveno y once de nuestro colegio, llevan a cabo proyectos ambientales que son publicados en nuestro grupo de investigaci\u00f3n HIFA (Habitar, Investigar y Formar en Ambiente). Este grupo se encuentra reconocido por Minciencias, fortalece la producci\u00f3n cient\u00edfica juvenil y docente, generando conocimiento aplicado a la sostenibilidad y la protecci\u00f3n del medio ambiente.<\/p>\t\t\t\t\t\t\t\t<\/div>\n\t\t\t\t\t<\/div>\n\t\t\t\t<\/div>\n\t\t<div class=\"elementor-element elementor-element-ff40192 e-flex e-con-boxed e-con e-parent\" data-id=\"ff40192\" data-element_type=\"container\">\n\t\t\t\t\t<div class=\"e-con-inner\">\n\t\t\t\t<div class=\"elementor-element elementor-element-fbca859 elementor-widget elementor-widget-heading\" data-id=\"fbca859\" data-element_type=\"widget\" data-widget_type=\"heading.default\">\n\t\t\t\t\t<h2 class=\"elementor-heading-title elementor-size-default\">Biblioteca Ambiental<\/h2>\t\t\t\t<\/div>\n\t\t\t\t\t<\/div>\n\t\t\t\t<\/div>\n\t\t<div class=\"elementor-element elementor-element-15134ec e-flex e-con-boxed e-con e-parent\" data-id=\"15134ec\" data-element_type=\"container\">\n\t\t\t\t\t<div class=\"e-con-inner\">\n\t\t\t\t<div class=\"elementor-element elementor-element-3097695 elementor-arrows-position-inside elementor-pagination-position-outside elementor-widget elementor-widget-image-carousel\" data-id=\"3097695\" data-element_type=\"widget\" data-settings=\"{&quot;slides_to_show&quot;:&quot;1&quot;,&quot;navigation&quot;:&quot;both&quot;,&quot;autoplay&quot;:&quot;yes&quot;,&quot;pause_on_hover&quot;:&quot;yes&quot;,&quot;pause_on_interaction&quot;:&quot;yes&quot;,&quot;autoplay_speed&quot;:5000,&quot;infinite&quot;:&quot;yes&quot;,&quot;effect&quot;:&quot;slide&quot;,&quot;speed&quot;:500}\" data-widget_type=\"image-carousel.default\">\n\t\t\t\t\t\t\t<div class=\"elementor-image-carousel-wrapper swiper\" role=\"region\" aria-roledescription=\"carousel\" aria-label=\"Carrusel de im\u00e1genes\" dir=\"ltr\">\n\t\t\t<div class=\"elementor-image-carousel swiper-wrapper\" aria-live=\"off\">\n\t\t\t\t\t\t\t\t<div class=\"swiper-slide\" role=\"group\" aria-roledescription=\"slide\" aria-label=\"1 de 6\"><figure class=\"swiper-slide-inner\"><img decoding=\"async\" class=\"swiper-slide-image\" src=\"https:\/\/fundacion-aei.com\/wp-content\/uploads\/2025\/10\/LOMBRICULTIVO-1.jpg\" alt=\"LOMBRICULTIVO\" \/><\/figure><\/div><div class=\"swiper-slide\" role=\"group\" aria-roledescription=\"slide\" aria-label=\"2 de 6\"><figure class=\"swiper-slide-inner\"><img decoding=\"async\" class=\"swiper-slide-image\" src=\"https:\/\/fundacion-aei.com\/wp-content\/uploads\/2025\/10\/Investigacion-formacion-y-medio-ambiente-1.png\" alt=\"Investigaci\u00f3n, formaci\u00f3n y medio ambiente\" \/><\/figure><\/div><div class=\"swiper-slide\" role=\"group\" aria-roledescription=\"slide\" aria-label=\"3 de 6\"><figure class=\"swiper-slide-inner\"><img decoding=\"async\" class=\"swiper-slide-image\" src=\"https:\/\/fundacion-aei.com\/wp-content\/uploads\/2025\/10\/IMG-20250923-WA0126-1.jpg\" alt=\"IMG-20250923-WA0126 (1)\" \/><\/figure><\/div><div class=\"swiper-slide\" role=\"group\" aria-roledescription=\"slide\" aria-label=\"4 de 6\"><figure class=\"swiper-slide-inner\"><img decoding=\"async\" class=\"swiper-slide-image\" src=\"https:\/\/fundacion-aei.com\/wp-content\/uploads\/2025\/10\/EMPECEMOS-YA.jpg\" alt=\"EMPECEMOS YA\" \/><\/figure><\/div><div class=\"swiper-slide\" role=\"group\" aria-roledescription=\"slide\" aria-label=\"5 de 6\"><figure class=\"swiper-slide-inner\"><img decoding=\"async\" class=\"swiper-slide-image\" src=\"https:\/\/fundacion-aei.com\/wp-content\/uploads\/2025\/10\/EDUCACION-Y-MEDIO-AMBIENTE.jpg\" alt=\"EDUCACION Y MEDIO AMBIENTE\" \/><\/figure><\/div><div class=\"swiper-slide\" role=\"group\" aria-roledescription=\"slide\" aria-label=\"6 de 6\"><figure class=\"swiper-slide-inner\"><img decoding=\"async\" class=\"swiper-slide-image\" src=\"https:\/\/fundacion-aei.com\/wp-content\/uploads\/2025\/10\/CIENCIA-Y-PEDAGOGIA.jpg\" alt=\"CIENCIA Y PEDAGOGIA\" \/><\/figure><\/div>\t\t\t<\/div>\n\t\t\t\t\t\t\t\t\t\t\t\t<div class=\"elementor-swiper-button elementor-swiper-button-prev\" role=\"button\" tabindex=\"0\">\n\t\t\t\t\t\t<svg aria-hidden=\"true\" class=\"e-font-icon-svg e-eicon-chevron-left\" viewBox=\"0 0 1000 1000\" xmlns=\"http:\/\/www.w3.org\/2000\/svg\"><path d=\"M646 125C629 125 613 133 604 142L308 442C296 454 292 471 292 487 292 504 296 521 308 533L604 854C617 867 629 875 646 875 663 875 679 871 692 858 704 846 713 829 713 812 713 796 708 779 692 767L438 487 692 225C700 217 708 204 708 187 708 171 704 154 692 142 675 129 663 125 646 125Z\"><\/path><\/svg>\t\t\t\t\t<\/div>\n\t\t\t\t\t<div class=\"elementor-swiper-button elementor-swiper-button-next\" role=\"button\" tabindex=\"0\">\n\t\t\t\t\t\t<svg aria-hidden=\"true\" class=\"e-font-icon-svg e-eicon-chevron-right\" viewBox=\"0 0 1000 1000\" xmlns=\"http:\/\/www.w3.org\/2000\/svg\"><path d=\"M696 533C708 521 713 504 713 487 713 471 708 454 696 446L400 146C388 133 375 125 354 125 338 125 325 129 313 142 300 154 292 171 292 187 292 204 296 221 308 233L563 492 304 771C292 783 288 800 288 817 288 833 296 850 308 863 321 871 338 875 354 875 371 875 388 867 400 854L696 533Z\"><\/path><\/svg>\t\t\t\t\t<\/div>\n\t\t\t\t\n\t\t\t\t\t\t\t\t\t<div class=\"swiper-pagination\"><\/div>\n\t\t\t\t\t\t\t\t\t<\/div>\n\t\t\t\t\t\t<\/div>\n\t\t\t\t\t<\/div>\n\t\t\t\t<\/div>\n\t\t<div class=\"elementor-element elementor-element-33cca8d e-flex e-con-boxed e-con e-parent\" data-id=\"33cca8d\" data-element_type=\"container\">\n\t\t\t\t\t<div class=\"e-con-inner\">\n\t\t\t\t<div class=\"elementor-element elementor-element-8a14143 elementor-widget elementor-widget-heading\" data-id=\"8a14143\" data-element_type=\"widget\" data-widget_type=\"heading.default\">\n\t\t\t\t\t<h2 class=\"elementor-heading-title elementor-size-default\">Impacto:<\/h2>\t\t\t\t<\/div>\n\t\t\t\t<div class=\"elementor-element elementor-element-0c2643c elementor-widget elementor-widget-image\" data-id=\"0c2643c\" data-element_type=\"widget\" data-widget_type=\"image.default\">\n\t\t\t\t\t\t\t\t\t\t\t\t\t\t\t<img loading=\"lazy\" decoding=\"async\" width=\"1024\" height=\"369\" src=\"https:\/\/fundacion-aei.com\/wp-content\/uploads\/2025\/10\/Minimalist-Educational-Logo-with-Nature-Elements-3-1024x369.png\" class=\"attachment-large size-large wp-image-219\" alt=\"\" srcset=\"https:\/\/fundacion-aei.com\/wp-content\/uploads\/2025\/10\/Minimalist-Educational-Logo-with-Nature-Elements-3-1024x369.png 1024w, https:\/\/fundacion-aei.com\/wp-content\/uploads\/2025\/10\/Minimalist-Educational-Logo-with-Nature-Elements-3-300x108.png 300w, https:\/\/fundacion-aei.com\/wp-content\/uploads\/2025\/10\/Minimalist-Educational-Logo-with-Nature-Elements-3-768x276.png 768w, https:\/\/fundacion-aei.com\/wp-content\/uploads\/2025\/10\/Minimalist-Educational-Logo-with-Nature-Elements-3-1536x553.png 1536w, https:\/\/fundacion-aei.com\/wp-content\/uploads\/2025\/10\/Minimalist-Educational-Logo-with-Nature-Elements-3.png 2000w\" sizes=\"(max-width: 1024px) 100vw, 1024px\" \/>\t\t\t\t\t\t\t\t\t\t\t\t\t\t\t<\/div>\n\t\t\t\t<div class=\"elementor-element elementor-element-60c73ba elementor-widget elementor-widget-heading\" data-id=\"60c73ba\" data-element_type=\"widget\" data-widget_type=\"heading.default\">\n\t\t\t\t\t<h2 class=\"elementor-heading-title elementor-size-default\"><p style=\"text-align:justify\"><span><span style=\",sans-serif\">La primera infancia es el cimiento de\nla esperanza. Con SOS construimos entornos donde cada ni\u00f1o, cada madre y cada\nfamilia pueda crecer con amor, seguridad y oportunidades.<\/span><\/span><span style=\"text-align: center\"><\/span><\/p><\/h2>\t\t\t\t<\/div>\n\t\t\t\t\t<\/div>\n\t\t\t\t<\/div>\n\t\t\t\t<\/div>\n\t\t","protected":false},"excerpt":{"rendered":"<p>LINEA 2: Gesti\u00f3n e Investigaci\u00f3n Desde el preescolar nuestros estudiantes desarrollan la carrera de investigaci\u00f3n, [&hellip;]<\/p>\n","protected":false},"author":1,"featured_media":99,"parent":0,"menu_order":0,"comment_status":"closed","ping_status":"closed","template":"elementor_header_footer","meta":{"_monsterinsights_skip_tracking":false,"_monsterinsights_sitenote_active":false,"_monsterinsights_sitenote_note":"","_monsterinsights_sitenote_category":0,"footnotes":""},"class_list":["post-186","page","type-page","status-publish","has-post-thumbnail","hentry"],"_links":{"self":[{"href":"https:\/\/fundacion-aei.com\/index.php?rest_route=\/wp\/v2\/pages\/186","targetHints":{"allow":["GET"]}}],"collection":[{"href":"https:\/\/fundacion-aei.com\/index.php?rest_route=\/wp\/v2\/pages"}],"about":[{"href":"https:\/\/fundacion-aei.com\/index.php?rest_route=\/wp\/v2\/types\/page"}],"author":[{"embeddable":true,"href":"https:\/\/fundacion-aei.com\/index.php?rest_route=\/wp\/v2\/users\/1"}],"replies":[{"embeddable":true,"href":"https:\/\/fundacion-aei.com\/index.php?rest_route=%2Fwp%2Fv2%2Fcomments&post=186"}],"version-history":[{"count":34,"href":"https:\/\/fundacion-aei.com\/index.php?rest_route=\/wp\/v2\/pages\/186\/revisions"}],"predecessor-version":[{"id":286,"href":"https:\/\/fundacion-aei.com\/index.php?rest_route=\/wp\/v2\/pages\/186\/revisions\/286"}],"wp:featuredmedia":[{"embeddable":true,"href":"https:\/\/fundacion-aei.com\/index.php?rest_route=\/wp\/v2\/media\/99"}],"wp:attachment":[{"href":"https:\/\/fundacion-aei.com\/index.php?rest_route=%2Fwp%2Fv2%2Fmedia&parent=186"}],"curies":[{"name":"wp","href":"https:\/\/api.w.org\/{rel}","templated":true}]}}