{"id":287,"date":"2025-11-06T16:24:28","date_gmt":"2025-11-06T16:24:28","guid":{"rendered":"https:\/\/fundacion-aei.com\/?page_id=287"},"modified":"2025-11-20T16:07:28","modified_gmt":"2025-11-20T16:07:28","slug":"elementor-pagina-287","status":"publish","type":"page","link":"https:\/\/fundacion-aei.com\/?page_id=287","title":{"rendered":"Linea 3. S.O.S."},"content":{"rendered":"\t\t<div data-elementor-type=\"wp-page\" data-elementor-id=\"287\" class=\"elementor elementor-287\">\n\t\t\t\t<div class=\"elementor-element elementor-element-eed31b5 e-flex e-con-boxed e-con e-parent\" data-id=\"eed31b5\" data-element_type=\"container\">\n\t\t\t\t\t<div class=\"e-con-inner\">\n\t\t\t\t<div class=\"elementor-element elementor-element-70e858b elementor-widget elementor-widget-heading\" data-id=\"70e858b\" data-element_type=\"widget\" data-widget_type=\"heading.default\">\n\t\t\t\t\t<h2 class=\"elementor-heading-title elementor-size-default\">Linea 3. S.O.S. Sostenibilidad, Oportunidad y Seguimiento.<span style=\"text-indent: -18pt\"><\/span><\/h2>\t\t\t\t<\/div>\n\t\t\t\t\t<\/div>\n\t\t\t\t<\/div>\n\t\t<div class=\"elementor-element elementor-element-7b6b858 e-flex e-con-boxed e-con e-parent\" data-id=\"7b6b858\" data-element_type=\"container\">\n\t\t\t\t\t<div class=\"e-con-inner\">\n\t\t\t\t<div class=\"elementor-element elementor-element-066ca5b elementor-widget elementor-widget-heading\" data-id=\"066ca5b\" data-element_type=\"widget\" data-widget_type=\"heading.default\">\n\t\t\t\t\t<h5 class=\"elementor-heading-title elementor-size-default\">\"Sembramos esperanza desde la primera infancia\".<\/h5>\t\t\t\t<\/div>\n\t\t\t\t\t<\/div>\n\t\t\t\t<\/div>\n\t\t<div class=\"elementor-element elementor-element-7522e24 e-flex e-con-boxed e-con e-parent\" data-id=\"7522e24\" data-element_type=\"container\">\n\t\t\t\t\t<div class=\"e-con-inner\">\n\t\t\t\t<div class=\"elementor-element elementor-element-b52a372 elementor-widget elementor-widget-text-editor\" data-id=\"b52a372\" data-element_type=\"widget\" data-widget_type=\"text-editor.default\">\n\t\t\t\t\t\t\t\t\t<p data-start=\"691\" data-end=\"953\">Con nuestra <strong data-start=\"703\" data-end=\"719\">L\u00ednea S.O.S.<\/strong>, la Fundaci\u00f3n Agroambiental IAJM impulsa programas dedicados a la <strong data-start=\"786\" data-end=\"830\">atenci\u00f3n integral de la primera infancia<\/strong>, generando entornos <strong data-start=\"851\" data-end=\"888\">seguros, educativos y sostenibles<\/strong> que fortalecen el desarrollo de ni\u00f1os, familias y comunidades.<\/p><p>\u00a0<\/p><p data-start=\"960\" data-end=\"1219\">Desde hace m\u00e1s de <strong data-start=\"978\" data-end=\"989\">15 a\u00f1os<\/strong>, esta l\u00ednea de trabajo ha transformado la vida de m\u00e1s de <strong data-start=\"1047\" data-end=\"1091\">10.000 usuarios en Cundinamarca y Bogot\u00e1<\/strong>, garantizando oportunidades de <strong data-start=\"1123\" data-end=\"1184\">educaci\u00f3n, nutrici\u00f3n, bienestar y acompa\u00f1amiento familiar<\/strong> con un enfoque ambiental y humano.<\/p>\t\t\t\t\t\t\t\t<\/div>\n\t\t\t\t\t<\/div>\n\t\t\t\t<\/div>\n\t\t<div class=\"elementor-element elementor-element-3c360dc e-flex e-con-boxed e-con e-parent\" data-id=\"3c360dc\" data-element_type=\"container\">\n\t\t\t\t\t<div class=\"e-con-inner\">\n\t\t<div class=\"elementor-element elementor-element-7ca4afc e-con-full e-flex e-con e-child\" data-id=\"7ca4afc\" data-element_type=\"container\">\n\t\t\t\t<div class=\"elementor-element elementor-element-f3265ec elementor-widget elementor-widget-image\" data-id=\"f3265ec\" data-element_type=\"widget\" data-widget_type=\"image.default\">\n\t\t\t\t\t\t\t\t\t\t\t\t\t\t\t<img fetchpriority=\"high\" decoding=\"async\" width=\"638\" height=\"342\" src=\"https:\/\/fundacion-aei.com\/wp-content\/uploads\/2025\/11\/familias.jpg\" class=\"attachment-large size-large wp-image-289\" alt=\"\" srcset=\"https:\/\/fundacion-aei.com\/wp-content\/uploads\/2025\/11\/familias.jpg 638w, https:\/\/fundacion-aei.com\/wp-content\/uploads\/2025\/11\/familias-300x161.jpg 300w\" sizes=\"(max-width: 638px) 100vw, 638px\" \/>\t\t\t\t\t\t\t\t\t\t\t\t\t\t\t<\/div>\n\t\t\t\t<\/div>\n\t\t<div class=\"elementor-element elementor-element-325106e e-con-full e-flex e-con e-child\" data-id=\"325106e\" data-element_type=\"container\">\n\t\t\t\t<div class=\"elementor-element elementor-element-d0801ab elementor-widget elementor-widget-image\" data-id=\"d0801ab\" data-element_type=\"widget\" data-widget_type=\"image.default\">\n\t\t\t\t\t\t\t\t\t\t\t\t\t\t\t<img decoding=\"async\" width=\"1024\" height=\"460\" src=\"https:\/\/fundacion-aei.com\/wp-content\/uploads\/2025\/11\/ninos-1024x460.jpg\" class=\"attachment-large size-large wp-image-290\" alt=\"\" srcset=\"https:\/\/fundacion-aei.com\/wp-content\/uploads\/2025\/11\/ninos-1024x460.jpg 1024w, https:\/\/fundacion-aei.com\/wp-content\/uploads\/2025\/11\/ninos-300x135.jpg 300w, https:\/\/fundacion-aei.com\/wp-content\/uploads\/2025\/11\/ninos-768x345.jpg 768w, https:\/\/fundacion-aei.com\/wp-content\/uploads\/2025\/11\/ninos-1536x690.jpg 1536w, https:\/\/fundacion-aei.com\/wp-content\/uploads\/2025\/11\/ninos.jpg 1600w\" sizes=\"(max-width: 1024px) 100vw, 1024px\" \/>\t\t\t\t\t\t\t\t\t\t\t\t\t\t\t<\/div>\n\t\t\t\t<\/div>\n\t\t<div class=\"elementor-element elementor-element-6848704 e-con-full e-flex e-con e-child\" data-id=\"6848704\" data-element_type=\"container\">\n\t\t\t\t<div class=\"elementor-element elementor-element-b8de447 elementor-widget elementor-widget-image\" data-id=\"b8de447\" data-element_type=\"widget\" data-widget_type=\"image.default\">\n\t\t\t\t\t\t\t\t\t\t\t\t\t\t\t<img decoding=\"async\" width=\"1024\" height=\"576\" src=\"https:\/\/fundacion-aei.com\/wp-content\/uploads\/2025\/11\/cundinamarca-1024x576.png\" class=\"attachment-large size-large wp-image-291\" alt=\"\" srcset=\"https:\/\/fundacion-aei.com\/wp-content\/uploads\/2025\/11\/cundinamarca-1024x576.png 1024w, https:\/\/fundacion-aei.com\/wp-content\/uploads\/2025\/11\/cundinamarca-300x169.png 300w, https:\/\/fundacion-aei.com\/wp-content\/uploads\/2025\/11\/cundinamarca-768x432.png 768w, https:\/\/fundacion-aei.com\/wp-content\/uploads\/2025\/11\/cundinamarca-1536x864.png 1536w, https:\/\/fundacion-aei.com\/wp-content\/uploads\/2025\/11\/cundinamarca.png 1920w\" sizes=\"(max-width: 1024px) 100vw, 1024px\" \/>\t\t\t\t\t\t\t\t\t\t\t\t\t\t\t<\/div>\n\t\t\t\t<\/div>\n\t\t<div class=\"elementor-element elementor-element-198b808 e-con-full e-flex e-con e-child\" data-id=\"198b808\" data-element_type=\"container\">\n\t\t\t\t<div class=\"elementor-element elementor-element-f28ca66 elementor-widget elementor-widget-text-editor\" data-id=\"f28ca66\" data-element_type=\"widget\" data-widget_type=\"text-editor.default\">\n\t\t\t\t\t\t\t\t\t<p>M\u00e1s<strong data-start=\"1358\" data-end=\"1369\"> de 10.000<\/strong> ni\u00f1os y familias beneficiadas de nuestros programas.<\/p>\t\t\t\t\t\t\t\t<\/div>\n\t\t\t\t<\/div>\n\t\t<div class=\"elementor-element elementor-element-44c9d66 e-con-full e-flex e-con e-child\" data-id=\"44c9d66\" data-element_type=\"container\">\n\t\t\t\t<div class=\"elementor-element elementor-element-0c51945 elementor-widget elementor-widget-text-editor\" data-id=\"0c51945\" data-element_type=\"widget\" data-widget_type=\"text-editor.default\">\n\t\t\t\t\t\t\t\t\t<p><strong data-start=\"1408\" data-end=\"1419\">15 a\u00f1os<\/strong> de experiencia en atenci\u00f3n integral a la primera infancia.<\/p>\t\t\t\t\t\t\t\t<\/div>\n\t\t\t\t<\/div>\n\t\t<div class=\"elementor-element elementor-element-0dd3d0a e-con-full e-flex e-con e-child\" data-id=\"0dd3d0a\" data-element_type=\"container\">\n\t\t\t\t<div class=\"elementor-element elementor-element-aabfba7 elementor-widget elementor-widget-text-editor\" data-id=\"aabfba7\" data-element_type=\"widget\" data-widget_type=\"text-editor.default\">\n\t\t\t\t\t\t\t\t\t<p><strong data-start=\"1464\" data-end=\"1481\">10 municipios<\/strong> con presencia activa en Cundinamarca y Bogot\u00e1.<\/p>\t\t\t\t\t\t\t\t<\/div>\n\t\t\t\t<\/div>\n\t\t\t\t\t<\/div>\n\t\t\t\t<\/div>\n\t\t<div class=\"elementor-element elementor-element-5ff778d e-flex e-con-boxed e-con e-parent\" data-id=\"5ff778d\" data-element_type=\"container\">\n\t\t\t\t\t<div class=\"e-con-inner\">\n\t\t\t\t<div class=\"elementor-element elementor-element-3fbee3c elementor-widget elementor-widget-image\" data-id=\"3fbee3c\" data-element_type=\"widget\" data-widget_type=\"image.default\">\n\t\t\t\t\t\t\t\t\t\t\t\t\t\t\t<img loading=\"lazy\" decoding=\"async\" width=\"1024\" height=\"576\" src=\"https:\/\/fundacion-aei.com\/wp-content\/uploads\/2025\/11\/profesoraaumnos-1024x576.png\" class=\"attachment-large size-large wp-image-295\" alt=\"\" srcset=\"https:\/\/fundacion-aei.com\/wp-content\/uploads\/2025\/11\/profesoraaumnos-1024x576.png 1024w, https:\/\/fundacion-aei.com\/wp-content\/uploads\/2025\/11\/profesoraaumnos-300x169.png 300w, https:\/\/fundacion-aei.com\/wp-content\/uploads\/2025\/11\/profesoraaumnos-768x432.png 768w, https:\/\/fundacion-aei.com\/wp-content\/uploads\/2025\/11\/profesoraaumnos-1536x864.png 1536w, https:\/\/fundacion-aei.com\/wp-content\/uploads\/2025\/11\/profesoraaumnos.png 1920w\" sizes=\"(max-width: 1024px) 100vw, 1024px\" \/>\t\t\t\t\t\t\t\t\t\t\t\t\t\t\t<\/div>\n\t\t\t\t<div class=\"elementor-element elementor-element-89657cd elementor-widget elementor-widget-heading\" data-id=\"89657cd\" data-element_type=\"widget\" data-widget_type=\"heading.default\">\n\t\t\t\t\t<h2 class=\"elementor-heading-title elementor-size-default\">\u00bfQu\u00e9 hacemos en la L\u00ednea S.O.S.?<\/h2>\t\t\t\t<\/div>\n\t\t\t\t<div class=\"elementor-element elementor-element-c35c030 elementor-widget elementor-widget-text-editor\" data-id=\"c35c030\" data-element_type=\"widget\" data-widget_type=\"text-editor.default\">\n\t\t\t\t\t\t\t\t\t<p>En Soacha, Bogot\u00e1 y Cundinamarca desarrollamos programas que garantizan <strong data-start=\"1781\" data-end=\"1832\">educaci\u00f3n, nutrici\u00f3n y acompa\u00f1amiento emocional<\/strong> en los primeros a\u00f1os de vida.<\/p>\t\t\t\t\t\t\t\t<\/div>\n\t\t\t\t<div class=\"elementor-element elementor-element-164dd28 elementor-widget elementor-widget-heading\" data-id=\"164dd28\" data-element_type=\"widget\" data-widget_type=\"heading.default\">\n\t\t\t\t\t<h2 class=\"elementor-heading-title elementor-size-default\">Nuestras principales acciones:<\/h2>\t\t\t\t<\/div>\n\t\t\t\t<div class=\"elementor-element elementor-element-b3a9253 elementor-widget elementor-widget-text-editor\" data-id=\"b3a9253\" data-element_type=\"widget\" data-widget_type=\"text-editor.default\">\n\t\t\t\t\t\t\t\t\t<ul><li data-start=\"1910\" data-end=\"2049\"><p data-start=\"1912\" data-end=\"2049\">Atenci\u00f3n integral en <strong data-start=\"1933\" data-end=\"1973\">Centros de Desarrollo Infantil (CDI)<\/strong>, donde promovemos aprendizaje temprano, cuidado y alimentaci\u00f3n saludable.<\/p><\/li><li data-start=\"2052\" data-end=\"2188\"><p data-start=\"2054\" data-end=\"2188\">Acompa\u00f1amiento a <strong data-start=\"2071\" data-end=\"2093\">hogares infantiles<\/strong> y a la <strong data-start=\"2101\" data-end=\"2132\">modalidad familiar del ICBF<\/strong>, brindando apoyo a <strong data-start=\"2152\" data-end=\"2185\">mujeres gestantes y lactantes<\/strong>.<\/p><\/li><li data-start=\"2191\" data-end=\"2290\"><p data-start=\"2193\" data-end=\"2290\">Formaci\u00f3n a familias y cuidadores sobre <strong data-start=\"2233\" data-end=\"2287\">crianza amorosa, autocuidado y educaci\u00f3n ambiental<\/strong><\/p><\/li><\/ul>\t\t\t\t\t\t\t\t<\/div>\n\t\t\t\t\t<\/div>\n\t\t\t\t<\/div>\n\t\t\t\t<\/div>\n\t\t","protected":false},"excerpt":{"rendered":"<p>Linea 3. S.O.S. Sostenibilidad, Oportunidad y Seguimiento. \u00abSembramos esperanza desde la primera infancia\u00bb. Con nuestra [&hellip;]<\/p>\n","protected":false},"author":1,"featured_media":0,"parent":0,"menu_order":0,"comment_status":"closed","ping_status":"closed","template":"","meta":{"_monsterinsights_skip_tracking":false,"_monsterinsights_sitenote_active":false,"_monsterinsights_sitenote_note":"","_monsterinsights_sitenote_category":0,"footnotes":""},"class_list":["post-287","page","type-page","status-publish","hentry"],"_links":{"self":[{"href":"https:\/\/fundacion-aei.com\/index.php?rest_route=\/wp\/v2\/pages\/287","targetHints":{"allow":["GET"]}}],"collection":[{"href":"https:\/\/fundacion-aei.com\/index.php?rest_route=\/wp\/v2\/pages"}],"about":[{"href":"https:\/\/fundacion-aei.com\/index.php?rest_route=\/wp\/v2\/types\/page"}],"author":[{"embeddable":true,"href":"https:\/\/fundacion-aei.com\/index.php?rest_route=\/wp\/v2\/users\/1"}],"replies":[{"embeddable":true,"href":"https:\/\/fundacion-aei.com\/index.php?rest_route=%2Fwp%2Fv2%2Fcomments&post=287"}],"version-history":[{"count":8,"href":"https:\/\/fundacion-aei.com\/index.php?rest_route=\/wp\/v2\/pages\/287\/revisions"}],"predecessor-version":[{"id":303,"href":"https:\/\/fundacion-aei.com\/index.php?rest_route=\/wp\/v2\/pages\/287\/revisions\/303"}],"wp:attachment":[{"href":"https:\/\/fundacion-aei.com\/index.php?rest_route=%2Fwp%2Fv2%2Fmedia&parent=287"}],"curies":[{"name":"wp","href":"https:\/\/api.w.org\/{rel}","templated":true}]}}