{"id":87,"date":"2025-10-27T19:23:04","date_gmt":"2025-10-27T19:23:04","guid":{"rendered":"https:\/\/fundacion-aei.com\/?page_id=87"},"modified":"2025-10-28T14:52:44","modified_gmt":"2025-10-28T14:52:44","slug":"mision","status":"publish","type":"page","link":"https:\/\/fundacion-aei.com\/?page_id=87","title":{"rendered":"Misi\u00f3n"},"content":{"rendered":"\t\t<div data-elementor-type=\"wp-page\" data-elementor-id=\"87\" class=\"elementor elementor-87\">\n\t\t\t\t<div class=\"elementor-element elementor-element-2636e7b e-flex e-con-boxed e-con e-parent\" data-id=\"2636e7b\" data-element_type=\"container\">\n\t\t\t\t\t<div class=\"e-con-inner\">\n\t\t\t\t<div class=\"elementor-element elementor-element-79107f9 elementor-widget elementor-widget-heading\" data-id=\"79107f9\" data-element_type=\"widget\" data-widget_type=\"heading.default\">\n\t\t\t\t\t<h1 class=\"elementor-heading-title elementor-size-default\">Misi\u00f3n<\/h1>\t\t\t\t<\/div>\n\t\t\t\t<div class=\"elementor-element elementor-element-22e68b9 elementor-widget elementor-widget-text-editor\" data-id=\"22e68b9\" data-element_type=\"widget\" data-widget_type=\"text-editor.default\">\n\t\t\t\t\t\t\t\t\t<p>Promover procesos de educaci\u00f3n e investigaci\u00f3n a favor de la protecci\u00f3n y el cuidado del medio ambiente fortaleciendo el desarrollo social, integral y productivo de ni\u00f1os, ni\u00f1as, j\u00f3venes y adultos a trav\u00e9s de programas educativos innovadores que permitan la pr\u00e1ctica y la contribuci\u00f3n a un desarrollo sostenible.<\/p>\t\t\t\t\t\t\t\t<\/div>\n\t\t\t\t<div class=\"elementor-element elementor-element-b1e4035 elementor-widget elementor-widget-heading\" data-id=\"b1e4035\" data-element_type=\"widget\" data-widget_type=\"heading.default\">\n\t\t\t\t\t<h2 class=\"elementor-heading-title elementor-size-default\">\u201cEducamos con amor, conciencia y compromiso por el planeta.\u201d<\/h2>\t\t\t\t<\/div>\n\t\t\t\t<div class=\"elementor-element elementor-element-27c97e3 elementor-widget elementor-widget-text-editor\" data-id=\"27c97e3\" data-element_type=\"widget\" data-widget_type=\"text-editor.default\">\n\t\t\t\t\t\t\t\t\t<p>En la Fundaci\u00f3n Agroambiental IAJM hacemos realidad nuestra misi\u00f3n a trav\u00e9s de programas educativos, ambientales y sociales que integran la ciencia, la comunidad y la naturaleza. Trabajamos con instituciones educativas, entidades p\u00fablicas y organizaciones sociales para sembrar en cada ni\u00f1o, joven y adulto el amor por el aprendizaje, la sostenibilidad y la vida.<\/p>\t\t\t\t\t\t\t\t<\/div>\n\t\t\t\t<div class=\"elementor-element elementor-element-76b07df elementor-widget elementor-widget-heading\" data-id=\"76b07df\" data-element_type=\"widget\" data-widget_type=\"heading.default\">\n\t\t\t\t\t<h2 class=\"elementor-heading-title elementor-size-default\"><font color=\"#067525\">Nuestros ejes misionales<\/font><\/h2>\t\t\t\t<\/div>\n\t\t\t\t\t<\/div>\n\t\t\t\t<\/div>\n\t\t<div class=\"elementor-element elementor-element-df06501 e-flex e-con-boxed e-con e-parent\" data-id=\"df06501\" data-element_type=\"container\">\n\t\t\t\t\t<div class=\"e-con-inner\">\n\t\t<div class=\"elementor-element elementor-element-e8c49ae e-con-full e-flex e-con e-child\" data-id=\"e8c49ae\" data-element_type=\"container\">\n\t\t\t\t<div class=\"elementor-element elementor-element-12e67dc elementor-widget elementor-widget-image\" data-id=\"12e67dc\" data-element_type=\"widget\" data-widget_type=\"image.default\">\n\t\t\t\t\t\t\t\t\t\t\t\t\t\t\t<img fetchpriority=\"high\" decoding=\"async\" width=\"1024\" height=\"576\" src=\"https:\/\/fundacion-aei.com\/wp-content\/uploads\/2025\/10\/Diseno-sin-titulo-9-1024x576.png\" class=\"attachment-large size-large wp-image-98\" alt=\"\" srcset=\"https:\/\/fundacion-aei.com\/wp-content\/uploads\/2025\/10\/Diseno-sin-titulo-9-1024x576.png 1024w, https:\/\/fundacion-aei.com\/wp-content\/uploads\/2025\/10\/Diseno-sin-titulo-9-300x169.png 300w, https:\/\/fundacion-aei.com\/wp-content\/uploads\/2025\/10\/Diseno-sin-titulo-9-768x432.png 768w, https:\/\/fundacion-aei.com\/wp-content\/uploads\/2025\/10\/Diseno-sin-titulo-9-1536x864.png 1536w, https:\/\/fundacion-aei.com\/wp-content\/uploads\/2025\/10\/Diseno-sin-titulo-9.png 1920w\" sizes=\"(max-width: 1024px) 100vw, 1024px\" \/>\t\t\t\t\t\t\t\t\t\t\t\t\t\t\t<\/div>\n\t\t\t\t<div class=\"elementor-element elementor-element-4eabf67 elementor-widget elementor-widget-heading\" data-id=\"4eabf67\" data-element_type=\"widget\" data-widget_type=\"heading.default\">\n\t\t\t\t\t<h5 class=\"elementor-heading-title elementor-size-default\">Educaci\u00f3n con enfoque ambiental<\/h5>\t\t\t\t<\/div>\n\t\t\t\t<\/div>\n\t\t<div class=\"elementor-element elementor-element-fbdb899 e-con-full e-flex e-con e-child\" data-id=\"fbdb899\" data-element_type=\"container\">\n\t\t\t\t<div class=\"elementor-element elementor-element-255df18 elementor-widget elementor-widget-image\" data-id=\"255df18\" data-element_type=\"widget\" data-widget_type=\"image.default\">\n\t\t\t\t\t\t\t\t\t\t\t\t\t\t\t<img decoding=\"async\" width=\"1024\" height=\"576\" src=\"https:\/\/fundacion-aei.com\/wp-content\/uploads\/2025\/10\/Diseno-sin-titulo-10-1024x576.png\" class=\"attachment-large size-large wp-image-99\" alt=\"\" srcset=\"https:\/\/fundacion-aei.com\/wp-content\/uploads\/2025\/10\/Diseno-sin-titulo-10-1024x576.png 1024w, https:\/\/fundacion-aei.com\/wp-content\/uploads\/2025\/10\/Diseno-sin-titulo-10-300x169.png 300w, https:\/\/fundacion-aei.com\/wp-content\/uploads\/2025\/10\/Diseno-sin-titulo-10-768x432.png 768w, https:\/\/fundacion-aei.com\/wp-content\/uploads\/2025\/10\/Diseno-sin-titulo-10-1536x864.png 1536w, https:\/\/fundacion-aei.com\/wp-content\/uploads\/2025\/10\/Diseno-sin-titulo-10.png 1920w\" sizes=\"(max-width: 1024px) 100vw, 1024px\" \/>\t\t\t\t\t\t\t\t\t\t\t\t\t\t\t<\/div>\n\t\t\t\t<div class=\"elementor-element elementor-element-19950f7 elementor-widget elementor-widget-heading\" data-id=\"19950f7\" data-element_type=\"widget\" data-widget_type=\"heading.default\">\n\t\t\t\t\t<h5 class=\"elementor-heading-title elementor-size-default\">Investigaci\u00f3n escolar y docente.<\/h5>\t\t\t\t<\/div>\n\t\t\t\t<\/div>\n\t\t<div class=\"elementor-element elementor-element-f752c9c e-con-full e-flex e-con e-child\" data-id=\"f752c9c\" data-element_type=\"container\">\n\t\t\t\t<div class=\"elementor-element elementor-element-adf10e5 elementor-widget elementor-widget-image\" data-id=\"adf10e5\" data-element_type=\"widget\" data-widget_type=\"image.default\">\n\t\t\t\t\t\t\t\t\t\t\t\t\t\t\t<img decoding=\"async\" width=\"1024\" height=\"576\" src=\"https:\/\/fundacion-aei.com\/wp-content\/uploads\/2025\/10\/Diseno-sin-titulo-1024x576.png\" class=\"attachment-large size-large wp-image-100\" alt=\"\" srcset=\"https:\/\/fundacion-aei.com\/wp-content\/uploads\/2025\/10\/Diseno-sin-titulo-1024x576.png 1024w, https:\/\/fundacion-aei.com\/wp-content\/uploads\/2025\/10\/Diseno-sin-titulo-300x169.png 300w, https:\/\/fundacion-aei.com\/wp-content\/uploads\/2025\/10\/Diseno-sin-titulo-768x432.png 768w, https:\/\/fundacion-aei.com\/wp-content\/uploads\/2025\/10\/Diseno-sin-titulo-1536x864.png 1536w, https:\/\/fundacion-aei.com\/wp-content\/uploads\/2025\/10\/Diseno-sin-titulo.png 1920w\" sizes=\"(max-width: 1024px) 100vw, 1024px\" \/>\t\t\t\t\t\t\t\t\t\t\t\t\t\t\t<\/div>\n\t\t\t\t<div class=\"elementor-element elementor-element-1198832 elementor-widget elementor-widget-heading\" data-id=\"1198832\" data-element_type=\"widget\" data-widget_type=\"heading.default\">\n\t\t\t\t\t<h5 class=\"elementor-heading-title elementor-size-default\">Formaci\u00f3n docente y t\u00e9cnica.<\/h5>\t\t\t\t<\/div>\n\t\t\t\t<\/div>\n\t\t<div class=\"elementor-element elementor-element-6301ded e-con-full e-flex e-con e-child\" data-id=\"6301ded\" data-element_type=\"container\">\n\t\t\t\t<div class=\"elementor-element elementor-element-7655ac1 elementor-widget elementor-widget-image\" data-id=\"7655ac1\" data-element_type=\"widget\" data-widget_type=\"image.default\">\n\t\t\t\t\t\t\t\t\t\t\t\t\t\t\t<img loading=\"lazy\" decoding=\"async\" width=\"1024\" height=\"576\" src=\"https:\/\/fundacion-aei.com\/wp-content\/uploads\/2025\/10\/Diseno-sin-titulo-1-2-1024x576.png\" class=\"attachment-large size-large wp-image-101\" alt=\"\" srcset=\"https:\/\/fundacion-aei.com\/wp-content\/uploads\/2025\/10\/Diseno-sin-titulo-1-2-1024x576.png 1024w, https:\/\/fundacion-aei.com\/wp-content\/uploads\/2025\/10\/Diseno-sin-titulo-1-2-300x169.png 300w, https:\/\/fundacion-aei.com\/wp-content\/uploads\/2025\/10\/Diseno-sin-titulo-1-2-768x432.png 768w, https:\/\/fundacion-aei.com\/wp-content\/uploads\/2025\/10\/Diseno-sin-titulo-1-2-1536x864.png 1536w, https:\/\/fundacion-aei.com\/wp-content\/uploads\/2025\/10\/Diseno-sin-titulo-1-2.png 1920w\" sizes=\"(max-width: 1024px) 100vw, 1024px\" \/>\t\t\t\t\t\t\t\t\t\t\t\t\t\t\t<\/div>\n\t\t\t\t<div class=\"elementor-element elementor-element-58d5204 elementor-widget elementor-widget-heading\" data-id=\"58d5204\" data-element_type=\"widget\" data-widget_type=\"heading.default\">\n\t\t\t\t\t<h5 class=\"elementor-heading-title elementor-size-default\">Atenci\u00f3n integral a la primera infancia.<\/h5>\t\t\t\t<\/div>\n\t\t\t\t<\/div>\n\t\t<div class=\"elementor-element elementor-element-f9cf994 e-con-full e-flex e-con e-child\" data-id=\"f9cf994\" data-element_type=\"container\">\n\t\t\t\t<div class=\"elementor-element elementor-element-8b15af6 elementor-widget elementor-widget-image\" data-id=\"8b15af6\" data-element_type=\"widget\" data-widget_type=\"image.default\">\n\t\t\t\t\t\t\t\t\t\t\t\t\t\t\t<img loading=\"lazy\" decoding=\"async\" width=\"1024\" height=\"576\" src=\"https:\/\/fundacion-aei.com\/wp-content\/uploads\/2025\/10\/Diseno-sin-titulo-2-1-1024x576.png\" class=\"attachment-large size-large wp-image-105\" alt=\"\" srcset=\"https:\/\/fundacion-aei.com\/wp-content\/uploads\/2025\/10\/Diseno-sin-titulo-2-1-1024x576.png 1024w, https:\/\/fundacion-aei.com\/wp-content\/uploads\/2025\/10\/Diseno-sin-titulo-2-1-300x169.png 300w, https:\/\/fundacion-aei.com\/wp-content\/uploads\/2025\/10\/Diseno-sin-titulo-2-1-768x432.png 768w, https:\/\/fundacion-aei.com\/wp-content\/uploads\/2025\/10\/Diseno-sin-titulo-2-1-1536x864.png 1536w, https:\/\/fundacion-aei.com\/wp-content\/uploads\/2025\/10\/Diseno-sin-titulo-2-1.png 1920w\" sizes=\"(max-width: 1024px) 100vw, 1024px\" \/>\t\t\t\t\t\t\t\t\t\t\t\t\t\t\t<\/div>\n\t\t\t\t<div class=\"elementor-element elementor-element-81335e6 elementor-widget elementor-widget-heading\" data-id=\"81335e6\" data-element_type=\"widget\" data-widget_type=\"heading.default\">\n\t\t\t\t\t<h5 class=\"elementor-heading-title elementor-size-default\">Fortalecimiento de comunidades sostenibles.<\/h5>\t\t\t\t<\/div>\n\t\t\t\t<\/div>\n\t\t<div class=\"elementor-element elementor-element-0d8f1f4 e-con-full e-flex e-con e-child\" data-id=\"0d8f1f4\" data-element_type=\"container\">\n\t\t\t\t<div class=\"elementor-element elementor-element-81d8778 elementor-widget elementor-widget-image\" data-id=\"81d8778\" data-element_type=\"widget\" data-widget_type=\"image.default\">\n\t\t\t\t\t\t\t\t\t\t\t\t\t\t\t<img loading=\"lazy\" decoding=\"async\" width=\"1024\" height=\"576\" src=\"https:\/\/fundacion-aei.com\/wp-content\/uploads\/2025\/10\/Diseno-sin-titulo-3-1-1024x576.png\" class=\"attachment-large size-large wp-image-107\" alt=\"\" srcset=\"https:\/\/fundacion-aei.com\/wp-content\/uploads\/2025\/10\/Diseno-sin-titulo-3-1-1024x576.png 1024w, https:\/\/fundacion-aei.com\/wp-content\/uploads\/2025\/10\/Diseno-sin-titulo-3-1-300x169.png 300w, https:\/\/fundacion-aei.com\/wp-content\/uploads\/2025\/10\/Diseno-sin-titulo-3-1-768x432.png 768w, https:\/\/fundacion-aei.com\/wp-content\/uploads\/2025\/10\/Diseno-sin-titulo-3-1-1536x864.png 1536w, https:\/\/fundacion-aei.com\/wp-content\/uploads\/2025\/10\/Diseno-sin-titulo-3-1.png 1920w\" sizes=\"(max-width: 1024px) 100vw, 1024px\" \/>\t\t\t\t\t\t\t\t\t\t\t\t\t\t\t<\/div>\n\t\t\t\t<div class=\"elementor-element elementor-element-9c0ef15 elementor-widget elementor-widget-heading\" data-id=\"9c0ef15\" data-element_type=\"widget\" data-widget_type=\"heading.default\">\n\t\t\t\t\t<h5 class=\"elementor-heading-title elementor-size-default\">Innovaci\u00f3n y sostenibilidad social<\/h5>\t\t\t\t<\/div>\n\t\t\t\t<\/div>\n\t\t\t\t\t<\/div>\n\t\t\t\t<\/div>\n\t\t\t\t<\/div>\n\t\t","protected":false},"excerpt":{"rendered":"<p>Misi\u00f3n Promover procesos de educaci\u00f3n e investigaci\u00f3n a favor de la protecci\u00f3n y el cuidado [&hellip;]<\/p>\n","protected":false},"author":1,"featured_media":0,"parent":0,"menu_order":0,"comment_status":"closed","ping_status":"closed","template":"","meta":{"_monsterinsights_skip_tracking":false,"_monsterinsights_sitenote_active":false,"_monsterinsights_sitenote_note":"","_monsterinsights_sitenote_category":0,"footnotes":""},"class_list":["post-87","page","type-page","status-publish","hentry"],"_links":{"self":[{"href":"https:\/\/fundacion-aei.com\/index.php?rest_route=\/wp\/v2\/pages\/87","targetHints":{"allow":["GET"]}}],"collection":[{"href":"https:\/\/fundacion-aei.com\/index.php?rest_route=\/wp\/v2\/pages"}],"about":[{"href":"https:\/\/fundacion-aei.com\/index.php?rest_route=\/wp\/v2\/types\/page"}],"author":[{"embeddable":true,"href":"https:\/\/fundacion-aei.com\/index.php?rest_route=\/wp\/v2\/users\/1"}],"replies":[{"embeddable":true,"href":"https:\/\/fundacion-aei.com\/index.php?rest_route=%2Fwp%2Fv2%2Fcomments&post=87"}],"version-history":[{"count":15,"href":"https:\/\/fundacion-aei.com\/index.php?rest_route=\/wp\/v2\/pages\/87\/revisions"}],"predecessor-version":[{"id":118,"href":"https:\/\/fundacion-aei.com\/index.php?rest_route=\/wp\/v2\/pages\/87\/revisions\/118"}],"wp:attachment":[{"href":"https:\/\/fundacion-aei.com\/index.php?rest_route=%2Fwp%2Fv2%2Fmedia&parent=87"}],"curies":[{"name":"wp","href":"https:\/\/api.w.org\/{rel}","templated":true}]}}